{"id":14,"date":"2025-12-07T20:13:27","date_gmt":"2025-12-07T19:13:27","guid":{"rendered":"https:\/\/aquamarine-shark-256361.hostingersite.com\/?page_id=14"},"modified":"2026-03-26T22:27:42","modified_gmt":"2026-03-26T21:27:42","slug":"impressum","status":"publish","type":"page","link":"https:\/\/mvz-graf-adolf-strasse.de\/el\/impressum\/","title":{"rendered":"\u03a3\u03c4\u03bf\u03b9\u03c7\u03b5\u03af\u03b1 \u03b5\u03c0\u03b9\u03c7\u03b5\u03af\u03c1\u03b7\u03c3\u03b7\u03c2"},"content":{"rendered":"<div data-elementor-type=\"wp-page\" data-elementor-id=\"14\" class=\"elementor elementor-14\">\n\t\t\t\t<div class=\"elementor-element elementor-element-4779412c e-flex e-con-boxed e-con e-parent\" data-id=\"4779412c\" data-element_type=\"container\" data-e-type=\"container\">\n\t\t\t\t\t<div class=\"e-con-inner\">\n\t\t\t\t<div class=\"elementor-element elementor-element-41791149 elementor-widget elementor-widget-text-editor\" data-id=\"41791149\" data-element_type=\"widget\" data-e-type=\"widget\" data-widget_type=\"text-editor.default\">\n\t\t\t\t<div class=\"elementor-widget-container\">\n\t\t\t\t\t\t\t\t\t\n<p data-start=\"105\" data-end=\"128\">Angaben gem\u00e4\u00df \u00a7 5 DDG<\/p>\n<p data-start=\"130\" data-end=\"214\"><strong>MVZ Graf-Adolf Stra\u00dfe GmbH<\/strong><br data-start=\"156\" data-end=\"159\" \/>Graf-Adolf-Stra\u00dfe 25<br data-start=\"179\" data-end=\"182\" \/>40212 \u039d\u03c4\u03af\u03c3\u03b5\u03bb\u03bd\u03c4\u03bf\u03c1\u03c6<br data-start=\"198\" data-end=\"201\" \/>Deutschland<\/p>\n<p data-start=\"216\" data-end=\"274\">\ud83d\udcde<strong> \u03a4\u03b7\u03bb\u03ad\u03c6\u03c9\u03bd\u03bf:<\/strong> 0211-7337998<br data-start=\"240\" data-end=\"243\" \/>\ud83d\udce9 <strong>E-Mail:<\/strong> <a class=\"decorated-link cursor-pointer\" rel=\"noopener\" data-start=\"254\" data-end=\"272\">mvz@k-ioannidis.de<\/a><\/p>\n<hr data-start=\"276\" data-end=\"279\" \/>\n<h3 data-start=\"281\" data-end=\"322\"><strong>Vertretungsberechtigter Gesch\u00e4ftsf\u00fchrer<\/strong><\/h3>\n<p data-start=\"324\" data-end=\"342\">\u039a\u03ce\u03c3\u03c4\u03b1\u03c2 \u0399\u03c9\u03b1\u03bd\u03bd\u03af\u03b4\u03b7\u03c2<\/p>\n<hr data-start=\"344\" data-end=\"347\" \/>\n<h3 data-start=\"349\" data-end=\"367\"><strong>Handelsregister:<\/strong><\/h3>\n<p data-start=\"369\" data-end=\"405\">Amtsgericht D\u00fcsseldorf<br data-start=\"391\" data-end=\"394\" \/>HRB 70657<\/p>\n<hr data-start=\"407\" data-end=\"410\" \/>\n<h3 data-start=\"412\" data-end=\"431\"><strong>Berufsbezeichnung<\/strong><\/h3>\n<p data-start=\"433\" data-end=\"505\">Psychologischer Psychotherapeut f\u00fcr Kinder, Jugendliche und Erwachsene<\/p>\n<hr data-start=\"507\" data-end=\"510\" \/>\n<h3 data-start=\"512\" data-end=\"531\"><strong>Zust\u00e4ndige Kammer<\/strong><\/h3>\n<p data-start=\"533\" data-end=\"579\">\u00c4rztekammer Nordrhein<br data-start=\"554\" data-end=\"557\" \/><a class=\"decorated-link\" href=\"https:\/\/www.aekno.de\" target=\"_new\" rel=\"noopener\" data-start=\"557\" data-end=\"577\">https:\/\/www.aekno.de<\/a><\/p>\n<p data-start=\"581\" data-end=\"652\">Es gelten die berufsrechtlichen Regelungen der \u00c4rztekammer Nordrhein.<\/p>\n<hr data-start=\"654\" data-end=\"657\" \/>\n<p data-start=\"659\" data-end=\"688\"><strong>Zust\u00e4ndige Aufsichtsbeh\u00f6rde<\/strong><\/p>\n<p data-start=\"690\" data-end=\"758\">Kassen\u00e4rztliche Vereinigung Nordrhein (KVNO)<br data-start=\"734\" data-end=\"737\" \/><a class=\"decorated-link\" href=\"https:\/\/www.kvno.de\" target=\"_new\" rel=\"noopener\" data-start=\"737\" data-end=\"756\">https:\/\/www.kvno.de<\/a><\/p>\n<hr data-start=\"760\" data-end=\"763\" \/>\n<p data-start=\"765\" data-end=\"818\"><strong>Verantwortlich f\u00fcr den Inhalt nach \u00a7 18 Abs. 2 MStV<\/strong><\/p>\n<p data-start=\"820\" data-end=\"838\">\u039a\u03ce\u03c3\u03c4\u03b1\u03c2 \u0399\u03c9\u03b1\u03bd\u03bd\u03af\u03b4\u03b7\u03c2<\/p>\n<hr data-start=\"840\" data-end=\"843\" \/>\n<p data-start=\"845\" data-end=\"865\">Haftungsausschluss<\/p>\n<p data-start=\"867\" data-end=\"888\"><strong>Haftung f\u00fcr Inhalte<\/strong><\/p>\n<p data-start=\"890\" data-end=\"1004\">Als Diensteanbieter sind wir gem\u00e4\u00df den allgemeinen Gesetzen f\u00fcr eigene Inhalte auf diesen Seiten verantwortlich.<\/p>\n<hr data-start=\"1006\" data-end=\"1009\" \/>\n<p data-start=\"1011\" data-end=\"1030\"><strong>Haftung f\u00fcr Links<\/strong><\/p>\n<p data-start=\"1032\" data-end=\"1306\">Unsere Website enth\u00e4lt Links zu externen Websites Dritter, auf deren Inhalte wir keinen Einfluss haben.<br data-start=\"1135\" data-end=\"1138\" \/>Deshalb k\u00f6nnen wir f\u00fcr diese fremden Inhalte auch keine Gew\u00e4hr \u00fcbernehmen.<br data-start=\"1212\" data-end=\"1215\" \/>F\u00fcr die Inhalte der verlinkten Seiten sind ausschlie\u00dflich deren Betreiber verantwortlich.<\/p>\n<hr data-start=\"1308\" data-end=\"1311\" \/>\n<p data-start=\"1313\" data-end=\"1327\"><strong>Urheberrecht<\/strong><\/p>\n<p data-start=\"1329\" data-end=\"1545\">Die vom Seitenbetreiber erstellten Inhalte und Werke auf dieser Website unterliegen dem deutschen Urheberrecht.<br data-start=\"1440\" data-end=\"1443\" \/>Die Vervielf\u00e4ltigung, Bearbeitung oder Verbreitung ist ohne schriftliche Zustimmung nicht gestattet.<\/p>\n<hr data-start=\"1547\" data-end=\"1550\" \/>\n<p data-start=\"1552\" data-end=\"1604\"><strong>Online-Streitbeilegung gem\u00e4\u00df Art. 14 Abs. 1 ODR-VO<\/strong><\/p>\n<p data-start=\"1606\" data-end=\"1733\">Die Europ\u00e4ische Kommission stellt eine Plattform zur Online-Streitbeilegung (OS) bereit:<br data-start=\"1694\" data-end=\"1697\" \/><a class=\"decorated-link\" href=\"https:\/\/ec.europa.eu\/consumers\/odr\" target=\"_new\" rel=\"noopener\" data-start=\"1697\" data-end=\"1731\">https:\/\/ec.europa.eu\/consumers\/odr<\/a><\/p>\n\t\t\t\t\t\t\t\t<\/div>\n\t\t\t\t<\/div>\n\t\t\t\t\t<\/div>\n\t\t\t\t<\/div>\n\t\t\t\t<\/div>","protected":false},"excerpt":{"rendered":"<p>Angaben gem\u00e4\u00df \u00a7 5 DDG MVZ Graf-Adolf Stra\u00dfe GmbHGraf-Adolf-Stra\u00dfe 2540212 D\u00fcsseldorfDeutschland \ud83d\udcde Telefon: 0211-7337998\ud83d\udce9 E-Mail: mvz@k-ioannidis.de Vertretungsberechtigter Gesch\u00e4ftsf\u00fchrer Kostas Ioannidis Handelsregister: Amtsgericht D\u00fcsseldorfHRB 70657 Berufsbezeichnung Psychologischer Psychotherapeut f\u00fcr Kinder, Jugendliche und Erwachsene Zust\u00e4ndige Kammer \u00c4rztekammer Nordrheinhttps:\/\/www.aekno.de Es gelten die berufsrechtlichen Regelungen der \u00c4rztekammer Nordrhein. Zust\u00e4ndige Aufsichtsbeh\u00f6rde Kassen\u00e4rztliche Vereinigung Nordrhein (KVNO)https:\/\/www.kvno.de Verantwortlich f\u00fcr den Inhalt nach [&hellip;]<\/p>\n","protected":false},"author":1,"featured_media":0,"parent":0,"menu_order":0,"comment_status":"closed","ping_status":"closed","template":"","meta":{"_uag_custom_page_level_css":"","site-sidebar-layout":"default","site-content-layout":"","ast-site-content-layout":"default","site-content-style":"default","site-sidebar-style":"default","ast-global-header-display":"","ast-banner-title-visibility":"","ast-main-header-display":"","ast-hfb-above-header-display":"","ast-hfb-below-header-display":"","ast-hfb-mobile-header-display":"","site-post-title":"","ast-breadcrumbs-content":"","ast-featured-img":"","footer-sml-layout":"","ast-disable-related-posts":"","theme-transparent-header-meta":"","adv-header-id-meta":"","stick-header-meta":"","header-above-stick-meta":"","header-main-stick-meta":"","header-below-stick-meta":"","astra-migrate-meta-layouts":"set","ast-page-background-enabled":"default","ast-page-background-meta":{"desktop":{"background-color":"","background-image":"","background-repeat":"repeat","background-position":"center center","background-size":"auto","background-attachment":"scroll","background-type":"","background-media":"","overlay-type":"","overlay-color":"","overlay-opacity":"","overlay-gradient":""},"tablet":{"background-color":"","background-image":"","background-repeat":"repeat","background-position":"center center","background-size":"auto","background-attachment":"scroll","background-type":"","background-media":"","overlay-type":"","overlay-color":"","overlay-opacity":"","overlay-gradient":""},"mobile":{"background-color":"","background-image":"","background-repeat":"repeat","background-position":"center center","background-size":"auto","background-attachment":"scroll","background-type":"","background-media":"","overlay-type":"","overlay-color":"","overlay-opacity":"","overlay-gradient":""}},"ast-content-background-meta":{"desktop":{"background-color":"var(--ast-global-color-5)","background-image":"","background-repeat":"repeat","background-position":"center center","background-size":"auto","background-attachment":"scroll","background-type":"","background-media":"","overlay-type":"","overlay-color":"","overlay-opacity":"","overlay-gradient":""},"tablet":{"background-color":"var(--ast-global-color-5)","background-image":"","background-repeat":"repeat","background-position":"center center","background-size":"auto","background-attachment":"scroll","background-type":"","background-media":"","overlay-type":"","overlay-color":"","overlay-opacity":"","overlay-gradient":""},"mobile":{"background-color":"var(--ast-global-color-5)","background-image":"","background-repeat":"repeat","background-position":"center center","background-size":"auto","background-attachment":"scroll","background-type":"","background-media":"","overlay-type":"","overlay-color":"","overlay-opacity":"","overlay-gradient":""}},"footnotes":""},"class_list":["post-14","page","type-page","status-publish","hentry"],"uagb_featured_image_src":{"full":false,"thumbnail":false,"medium":false,"medium_large":false,"large":false,"1536x1536":false,"2048x2048":false,"trp-custom-language-flag":false},"uagb_author_info":{"display_name":"e.ntousi.web@gmail.com","author_link":"https:\/\/mvz-graf-adolf-strasse.de\/el\/author\/e-ntousi-webgmail-com\/"},"uagb_comment_info":0,"uagb_excerpt":"Angaben gem\u00e4\u00df \u00a7 5 DDG MVZ Graf-Adolf Stra\u00dfe GmbHGraf-Adolf-Stra\u00dfe 2540212 D\u00fcsseldorfDeutschland \ud83d\udcde Telefon: 0211-7337998\ud83d\udce9 E-Mail: mvz@k-ioannidis.de Vertretungsberechtigter Gesch\u00e4ftsf\u00fchrer Kostas Ioannidis Handelsregister: Amtsgericht D\u00fcsseldorfHRB 70657 Berufsbezeichnung Psychologischer Psychotherapeut f\u00fcr Kinder, Jugendliche und Erwachsene Zust\u00e4ndige Kammer \u00c4rztekammer Nordrheinhttps:\/\/www.aekno.de Es gelten die berufsrechtlichen Regelungen der \u00c4rztekammer Nordrhein. Zust\u00e4ndige Aufsichtsbeh\u00f6rde Kassen\u00e4rztliche Vereinigung Nordrhein (KVNO)https:\/\/www.kvno.de Verantwortlich f\u00fcr den Inhalt nach&hellip;","_links":{"self":[{"href":"https:\/\/mvz-graf-adolf-strasse.de\/el\/wp-json\/wp\/v2\/pages\/14","targetHints":{"allow":["GET"]}}],"collection":[{"href":"https:\/\/mvz-graf-adolf-strasse.de\/el\/wp-json\/wp\/v2\/pages"}],"about":[{"href":"https:\/\/mvz-graf-adolf-strasse.de\/el\/wp-json\/wp\/v2\/types\/page"}],"author":[{"embeddable":true,"href":"https:\/\/mvz-graf-adolf-strasse.de\/el\/wp-json\/wp\/v2\/users\/1"}],"replies":[{"embeddable":true,"href":"https:\/\/mvz-graf-adolf-strasse.de\/el\/wp-json\/wp\/v2\/comments?post=14"}],"version-history":[{"count":8,"href":"https:\/\/mvz-graf-adolf-strasse.de\/el\/wp-json\/wp\/v2\/pages\/14\/revisions"}],"predecessor-version":[{"id":27166,"href":"https:\/\/mvz-graf-adolf-strasse.de\/el\/wp-json\/wp\/v2\/pages\/14\/revisions\/27166"}],"wp:attachment":[{"href":"https:\/\/mvz-graf-adolf-strasse.de\/el\/wp-json\/wp\/v2\/media?parent=14"}],"curies":[{"name":"wp","href":"https:\/\/api.w.org\/{rel}","templated":true}]}}